{"id":14,"date":"2020-12-01T18:09:22","date_gmt":"2020-12-01T18:09:22","guid":{"rendered":"https:\/\/croows.com\/?page_id=14"},"modified":"2022-06-21T17:19:25","modified_gmt":"2022-06-21T17:19:25","slug":"datenschutz","status":"publish","type":"page","link":"https:\/\/croows.com\/web\/datenschutz\/","title":{"rendered":"Datenschutz"},"content":{"rendered":"<div id=\"pl-14\"  class=\"panel-layout\" ><div id=\"sep-pg-14-0\" class=\"panel-grid panel-has-style\" ><div style=\"background-color:#65c0b9;margin-bottom:0px;opacity: 0;\" class=\"panel-row-style kt-row-style-no-padding siteorigin-panels-stretch kt-panel-row-stretch\" data-stretch-type=\"full\" ><div class=\"inner-sep-content-wrap\"><div id=\"pg-14-0\"  class=\"panel-grid panel-has-style\" ><div class=\"panel-no-flex panel-row-style panel-row-style-for-14-0\" ><div id=\"pgc-14-0-0\"  class=\"panel-grid-cell panel-grid-cell-mobile-last\" ><div id=\"panel-14-0-0-0\" class=\"widget_text so-panel widget widget_custom_html panel-first-child panel-last-child\" data-index=\"0\" ><div class=\"widget_text panel-widget-style panel-widget-style-for-14-0-0-0\" ><div class=\"textwidget custom-html-widget\"><h2>\n\tDatenschutz\n<\/h2><\/div><\/div><\/div><\/div><div id=\"pgc-14-0-1\"  class=\"panel-grid-cell panel-grid-cell-empty\" ><\/div><\/div><\/div><div class=\"panel-row-style kt-row-style-no-padding kt_sep_panel sep_tilt_left siteorigin-panels-stretch\" data-stretch-type=\"full-stretched\"><svg style=\"fill:#fff;\" viewBox=\"0 0 100 100\" preserveAspectRatio=\"none\"><path class=\"large-angle\" d=\"M0 0 L100 90 L100 0 V100 H0\"\/><\/svg><\/div><\/div><\/div><\/div><div id=\"pg-14-1\"  class=\"panel-grid panel-no-style\" ><div id=\"pgc-14-1-0\"  class=\"panel-grid-cell\" ><div id=\"panel-14-1-0-0\" class=\"so-panel widget widget_sow-editor panel-first-child panel-last-child\" data-index=\"1\" ><div\n\t\t\t\n\t\t\tclass=\"so-widget-sow-editor so-widget-sow-editor-base\"\n\t\t\t\n\t\t><h3 class=\"widget-title\">CROOWS GmbH<\/h3>\n<div class=\"siteorigin-widget-tinymce textwidget\">\n\t<p><!-- wp:paragraph --><\/p>\n<p>Die Angaben in dieser Erkl\u00e4rung gelten f\u00fcr die Verarbeitung von personenbezogenen Daten auf unserer bzw. \u00fcber unsere Internetpr\u00e4senz und sollen Sie insbesondere \u00fcber den Umfang der Verarbeitung, die Verarbeitungszwecke, Empf\u00e4nger, Rechtsgrundlagen, Speicherfristen sowie Ihre Rechte informieren. Personenbezogene Daten sind alle Informationen, die sich auf eine identifizierte oder identifizierbare nat\u00fcrliche Person, d.h. einen Menschen (nachfolgend auch \u201ebetroffene Person\u201c) beziehen, hierzu z\u00e4hlen beispielsweise Ihr Name, Ihre Adresse oder Ihre E-Mail-Adresse. Unter \u201eVerarbeitung\u201c personenbezogener Daten versteht man insbesondere die Erhebung, Speicherung, Verwendung und \u00dcbermittlung solcher Daten.<\/p>\n<p><!-- \/wp:paragraph --><\/p>\n<\/div>\n<\/div><\/div><\/div><div id=\"pgc-14-1-1\"  class=\"panel-grid-cell\" ><div id=\"panel-14-1-1-0\" class=\"so-panel widget widget_sow-editor panel-first-child panel-last-child\" data-index=\"2\" ><div\n\t\t\t\n\t\t\tclass=\"so-widget-sow-editor so-widget-sow-editor-base\"\n\t\t\t\n\t\t><h3 class=\"widget-title\">I. Name und Anschrift des Verantwortlichen<\/h3>\n<div class=\"siteorigin-widget-tinymce textwidget\">\n\t<p><!-- wp:paragraph --><\/p>\n<p>Der Verantwortliche im Sinne der Datenschutz-Grundverordnung (DSGVO) und anderer nationaler Datenschutzgesetze der Mitgliedsstaaten sowie sonstiger datenschutzrechtlicher Bestimmungen ist die:<\/p>\n<p><!-- \/wp:paragraph --><\/p>\n<p><!-- wp:paragraph --><\/p>\n<p>CROOWS GmbH Chausseestra\u00dfe 33 A 10115 Berlin<\/p>\n<p><!-- \/wp:paragraph --><\/p>\n<p><!-- wp:paragraph --><\/p>\n<p><strong>Telefon:<\/strong> +49 (0) 30-40607915<br \/>\n<strong>Telefax:<\/strong> + 49 (0) 30-40607916<\/p>\n<p><!-- \/wp:paragraph --><\/p>\n<p><!-- wp:paragraph --><\/p>\n<p><strong>E-Mail:<\/strong> <a href=\"mailto:info@croows.com\">info@croows.com<\/a><br \/>\n<strong>Web:<\/strong> <a href=\"http:\/\/www.croows.com\">www.croows.com<\/a><\/p>\n<p><!-- \/wp:paragraph --><\/p>\n<\/div>\n<\/div><\/div><\/div><\/div><div id=\"pg-14-2\"  class=\"panel-grid panel-no-style\" ><div id=\"pgc-14-2-0\"  class=\"panel-grid-cell\" ><div id=\"panel-14-2-0-0\" class=\"so-panel widget widget_sow-editor panel-first-child panel-last-child\" data-index=\"3\" ><div\n\t\t\t\n\t\t\tclass=\"so-widget-sow-editor so-widget-sow-editor-base\"\n\t\t\t\n\t\t><h3 class=\"widget-title\">II. Allgemeines zur Datenverarbeitung<\/h3>\n<div class=\"siteorigin-widget-tinymce textwidget\">\n\t<p><!-- wp:paragraph --><\/p>\n<p><!-- \/wp:heading --><\/p>\n<p><!-- wp:paragraph --><\/p>\n<p><strong>1. Rechtsgrundlagen f\u00fcr die Verarbeitung personenbezogener Daten<br \/>\n<\/strong>Soweit wir f\u00fcr Verarbeitungsvorg\u00e4nge personenbezogener Daten eine Einwilligung der betroffenen Person einholen, dient Art.\u00a06 Abs.\u00a01 lit.\u00a0a EU-Datenschutzgrundverordnung (DSGVO) als Rechtsgrundlage.<\/p>\n<p><!-- \/wp:paragraph --><\/p>\n<p><!-- wp:paragraph --><\/p>\n<p><!-- \/wp:paragraph --><\/p>\n<p><!-- wp:paragraph --><\/p>\n<p>Bei der Verarbeitung von personenbezogenen Daten, die zur Erf\u00fcllung eines Vertrages, dessen Vertragspartei die betroffene Person ist, erforderlich ist, dient Art.\u00a06 Abs.\u00a01 lit.\u00a0b DSGVO als Rechtsgrundlage. Dies gilt auch f\u00fcr Verarbeitungsvorg\u00e4nge, die zur Durchf\u00fchrung vorvertraglicher Ma\u00dfnahmen erforderlich sind.<\/p>\n<p><!-- \/wp:paragraph --><\/p>\n<p><!-- wp:paragraph --><\/p>\n<p>Soweit eine Verarbeitung personenbezogener Daten zur Erf\u00fcllung einer rechtlichen Verpflichtung erforderlich ist, der unser Unternehmen unterliegt, dient Art.\u00a06 Abs.\u00a01 lit.\u00a0c DSGVO als Rechtsgrundlage.<\/p>\n<p><!-- \/wp:paragraph --><\/p>\n<p><!-- wp:paragraph --><\/p>\n<p>Ist die Verarbeitung zur Wahrung eines berechtigten Interesses unseres Unternehmens oder eines Dritten erforderlich und \u00fcberwiegen die Interessen, Grundrechte und Grundfreiheiten der betroffenen Person das erstgenannte Interesse nicht, so dient Art.\u00a06 Abs.\u00a01 lit.\u00a0f DSGVO als Rechtsgrundlage f\u00fcr die Verarbeitung.<\/p>\n<p><strong>2. Datenl\u00f6schung und Speicherdauer<br \/>\n<\/strong>Die personenbezogenen Daten der betroffenen Person werden in der Regel gel\u00f6scht oder die Verarbeitung eingeschr\u00e4nkt, sobald der Zweck der Speicherung entf\u00e4llt. Eine Speicherung kann dar\u00fcber hinaus erfolgen, wenn dies durch den europ\u00e4ischen oder nationalen Gesetzgeber in unionsrechtlichen Verordnungen, Gesetzen oder sonstigen Vorschriften, denen der Verantwortliche unterliegt, vorgesehen wurde.<\/p>\n<p><!-- \/wp:paragraph --><\/p>\n<p><!-- wp:paragraph --><\/p>\n<p>&nbsp;<\/p>\n<p><!-- \/wp:paragraph --><\/p>\n<\/div>\n<\/div><\/div><\/div><div id=\"pgc-14-2-1\"  class=\"panel-grid-cell\" ><div id=\"panel-14-2-1-0\" class=\"so-panel widget widget_sow-editor panel-first-child panel-last-child\" data-index=\"4\" ><div\n\t\t\t\n\t\t\tclass=\"so-widget-sow-editor so-widget-sow-editor-base\"\n\t\t\t\n\t\t><h3 class=\"widget-title\">III.Bereitstellung der Internetpr\u00e4senz und Erstellung von Logfiles<\/h3>\n<div class=\"siteorigin-widget-tinymce textwidget\">\n\t<p><!-- wp:paragraph --><\/p>\n<p><!-- \/wp:heading --><\/p>\n<p><!-- wp:paragraph --><\/p>\n<p><!-- \/wp:heading --><\/p>\n<p><!-- wp:paragraph --><\/p>\n<p><strong>1. Beschreibung und Umfang der Datenverarbeitung<br \/>\n<\/strong>Bei jedem Aufruf unserer Internetpr\u00e4senz erfasst unser System automatisiert Daten und Informationen vom Computersystem des aufrufenden Ger\u00e4ts (Rechner, Smartphone, Tablet etc.).<\/p>\n<p><!-- \/wp:paragraph --><\/p>\n<p><!-- wp:paragraph --><\/p>\n<p><!-- \/wp:paragraph --><\/p>\n<p><!-- wp:paragraph --><\/p>\n<p>Folgende Daten werden hierbei erhoben:<\/p>\n<p><!-- \/wp:paragraph --><\/p>\n<p><!-- wp:list --><\/p>\n<ul>\n<li>Die IP-Adresse des aufrufenden Ger\u00e4ts (Client-IP)<\/li>\n<li>Browsertyp \/ Browserversion<\/li>\n<li>verwendetes Betriebssystem<\/li>\n<li>Request-Zeile<\/li>\n<li>HTTP-Statuscode<\/li>\n<li>Gr\u00f6\u00dfe des Response Body<\/li>\n<li>Referrer URL<\/li>\n<li>Datum und Uhrzeit der Serveranfrage (Timestamp)<\/li>\n<\/ul>\n<p><!-- \/wp:list --><\/p>\n<p><!-- wp:paragraph --><\/p>\n<p>Diese Daten werden ebenfalls in den Logfiles unseres Systems gespeichert, wobei die Speicherung der IP-Adresse nur anonymisiert erfolgt.<\/p>\n<p><strong>2. Rechtsgrundlage f\u00fcr die Datenverarbeitung<br \/>\n<\/strong>Rechtsgrundlage f\u00fcr die vor\u00fcbergehende Speicherung der Daten und der Logfiles ist Art.\u00a06 Abs.\u00a01 lit.\u00a0f DSGVO.<\/p>\n<p><strong>3. Zweck der Datenverarbeitung<br \/>\n<\/strong>Die vor\u00fcbergehende Erhebung der IP-Adresse durch das System ist notwendig, um eine Auslieferung der Internetpr\u00e4senz an das Ger\u00e4t des Nutzers zu erm\u00f6glichen. Hierf\u00fcr muss die IP-Adresse des Nutzers f\u00fcr die Dauer der Sitzung gespeichert bleiben. Die Speicherung der Daten in Logfiles erfolgt, um die Funktionsf\u00e4higkeit der Internetpr\u00e4senz sicherzustellen und zu verbessern und f\u00fcr statistische Auswertungen.<\/p>\n<p><!-- \/wp:paragraph --><\/p>\n<p><!-- wp:paragraph --><\/p>\n<p><!-- \/wp:paragraph --><\/p>\n<p><!-- wp:paragraph --><\/p>\n<p><!-- \/wp:paragraph --><\/p>\n<p><!-- wp:paragraph --><\/p>\n<p>In diesen Zwecken liegt auch unser berechtigtes Interesse an der Datenverarbeitung.<\/p>\n<p><strong>4. Dauer der Speicherung<br \/>\n<\/strong>Die nicht anonymisierte Erhebung und Speicherung der IP-Adresse erfolgt nur tempor\u00e4r f\u00fcr die Dauer der Bereitstellung der Internetpr\u00e4senz.<\/p>\n<p><!-- \/wp:paragraph --><\/p>\n<p><!-- wp:paragraph --><\/p>\n<p><!-- \/wp:paragraph --><\/p>\n<p><!-- wp:heading --><\/p>\n<h2><\/h2>\n<p><!-- \/wp:paragraph --><\/p>\n<\/div>\n<\/div><\/div><\/div><\/div><div id=\"pg-14-3\"  class=\"panel-grid panel-no-style\" ><div id=\"pgc-14-3-0\"  class=\"panel-grid-cell\" ><div id=\"panel-14-3-0-0\" class=\"so-panel widget widget_sow-editor panel-first-child panel-last-child\" data-index=\"5\" ><div\n\t\t\t\n\t\t\tclass=\"so-widget-sow-editor so-widget-sow-editor-base\"\n\t\t\t\n\t\t><h3 class=\"widget-title\">IV. Kontaktaufnahme per E-Mail oder Telefon<\/h3>\n<div class=\"siteorigin-widget-tinymce textwidget\">\n\t<p><!-- wp:paragraph --><\/p>\n<p><!-- \/wp:heading --><\/p>\n<p><!-- wp:paragraph --><\/p>\n<p><strong>1. Beschreibung und Umfang der Datenverarbeitung<br \/>\n<\/strong>Es ist eine Kontaktaufnahme \u00fcber die auf unserer Internetpr\u00e4senz bereitgestellte E-Mail-Adresse m\u00f6glich. In diesem Fall werden die mit der E-Mail \u00fcbermittelten personenbezogenen Daten des Nutzers erhoben.<\/p>\n<p><!-- \/wp:paragraph --><\/p>\n<p><!-- wp:paragraph --><\/p>\n<p><!-- \/wp:paragraph --><\/p>\n<p><!-- wp:paragraph --><\/p>\n<p>Dar\u00fcber hinaus k\u00f6nnen Sie \u00fcber die angegebenen Telefonnummern Kontakt zu uns aufnehmen. Im Falle einer telefonischen Kontaktaufnahme erheben wir in der Regel im Rahmen von Gespr\u00e4chsnotizen die Daten, die Sie uns mitteilen bzw. die automatisch mit Ihrem Anruf \u00fcbermittelt werden. Hierzu z\u00e4hlen u.a. Ihr Name, Ihr Anliegen und Ihre Rufnummer.<\/p>\n<p><strong>2. Rechtsgrundlage f\u00fcr die Datenverarbeitung<br \/>\n<\/strong>Rechtsgrundlage f\u00fcr die Verarbeitung der Daten, die im Zuge einer Kontaktaufnahme per E-Mail oder Telefon \u00fcbermittelt werden, ist Art.\u00a06 Abs.\u00a01 lit.\u00a0f DSGVO. Zielt die Kontaktaufnahme auf den Abschluss eines Vertrages ab, so ist zus\u00e4tzliche Rechtsgrundlage f\u00fcr die Verarbeitung Art.\u00a06 Abs.\u00a01 lit.\u00a0b DSGVO.<\/p>\n<p><strong>3. Zweck der Datenverarbeitung<br \/>\n<\/strong>Die Verarbeitung der personenbezogenen Daten dient uns allein zur Bearbeitung der Kontaktaufnahme. Hierin liegt auch das erforderliche berechtigte Interesse an der Verarbeitung der Daten.<\/p>\n<p><!-- \/wp:paragraph --><\/p>\n<p><!-- wp:paragraph --><\/p>\n<p><!-- \/wp:paragraph --><\/p>\n<p><!-- wp:paragraph --><\/p>\n<p><!-- \/wp:paragraph --><\/p>\n<p><!-- wp:paragraph --><\/p>\n<p><strong>4. Dauer der Speicherung<br \/>\n<\/strong>Die Daten werden gel\u00f6scht, sobald sie f\u00fcr die Erreichung des Zweckes ihrer Erhebung nicht mehr erforderlich sind. F\u00fcr die personenbezogenen Daten, die per E-Mail \u00fcbersandt oder im Rahmen einer telefonischen Kontaktaufnahme \u00fcbermittelt wurden, ist dies dann der Fall, wenn die jeweilige Konversation mit Ihnen beendet ist. Beendet ist die Konversation dann, wenn sich aus den Umst\u00e4nden entnehmen l\u00e4sst, dass der betroffene Sachverhalt abschlie\u00dfend gekl\u00e4rt ist.<\/p>\n<p><!-- \/wp:paragraph --><\/p>\n<p><!-- wp:paragraph --><\/p>\n<p><!-- \/wp:paragraph --><\/p>\n<p><!-- wp:paragraph --><\/p>\n<p>Bewerberdaten werden im Falle einer Absage in der Regel sp\u00e4testens drei Monate nach Mitteilung der Absage an den Bewerber gel\u00f6scht. Eine l\u00e4ngere Speicherung erfolgt nur, wenn Sie uns hierzu Ihre Einwilligung erteilt haben.<\/p>\n<p><!-- \/wp:paragraph --><\/p>\n<p><!-- wp:paragraph --><\/p>\n<p>Sofern im Zuge der Kommunikation Daten anfallen, zu deren Aufbewahrung bzw. Speicherung wir aufgrund steuerlicher, handelsrechtlicher oder sonstiger Vorschriften verpflichtet sind, erfolgt die L\u00f6schung erst nach Ablauf der jeweiligen gesetzlichen Aufbewahrungs- bzw. Speicherfristen. Die Rechtsgrundlage f\u00fcr diese Speicherung ist Art.\u00a06 Abs.\u00a01 lit.\u00a0c DSGVO.<\/p>\n<p><!-- \/wp:paragraph --><\/p>\n<\/div>\n<\/div><\/div><\/div><div id=\"pgc-14-3-1\"  class=\"panel-grid-cell\" ><div id=\"panel-14-3-1-0\" class=\"so-panel widget widget_sow-editor panel-first-child panel-last-child\" data-index=\"6\" ><div\n\t\t\t\n\t\t\tclass=\"so-widget-sow-editor so-widget-sow-editor-base\"\n\t\t\t\n\t\t><h3 class=\"widget-title\">V. Rechte der betroffenen Person<\/h3>\n<div class=\"siteorigin-widget-tinymce textwidget\">\n\t<p><!-- wp:paragraph --><\/p>\n<p><!-- \/wp:heading --><\/p>\n<p><!-- wp:paragraph --><\/p>\n<p><!-- \/wp:heading --><\/p>\n<p><!-- wp:paragraph --><\/p>\n<p><!-- \/wp:heading --><\/p>\n<p><!-- wp:paragraph --><\/p>\n<p>Werden personenbezogene Daten von Ihnen verarbeitet, sind Sie betroffene Person i.S.d. DSGVO und es stehen Ihnen folgende Rechte gegen\u00fcber dem Verantwortlichen zu (ggf. beim Vorliegen weiterer in den entsprechenden Vorschriften geregelter Voraussetzungen):<\/p>\n<p><!-- \/wp:paragraph --><\/p>\n<p><!-- wp:list --><\/p>\n<ul>\n<li>Das Auskunftsrecht nach Art. 15 DSGVO<\/li>\n<li>Das Recht auf Berichtigung nach Art. 16 DSVGO<\/li>\n<li>Das Recht auf L\u00f6schung (\u201eRecht auf Vergessenwerden\u201c) nach Art. 17 DSGVO<\/li>\n<li>Das Recht auf Einschr\u00e4nkung der Verarbeitung nach Art. 18 DSGVO<\/li>\n<li>Das Recht auf Unterrichtung nach Art. 19 DSGVO<\/li>\n<li>Das Recht auf Daten\u00fcbertragbarkeit nach Art. 20 DSGVO<\/li>\n<li>Das Widerspruchsrecht nach Art. 21 DSGVO<\/li>\n<li>Das Recht nicht einer automatisierten Entscheidung unterworfen zu werden nach Art. 22 DSGVO<\/li>\n<li>Das Recht auf Widerruf der Einwilligung in die Verarbeitung personenbezogener Daten nach Art. 7 Abs. 3 DSGVO<\/li>\n<\/ul>\n<p><!-- \/wp:list --><\/p>\n<p><!-- wp:paragraph --><\/p>\n<p>Zur Geltendmachung dieser Rechte wenden Sie sich bitte an die eingangs angegebenen Kontaktdaten.<\/p>\n<p><!-- \/wp:paragraph --><\/p>\n<p><!-- wp:paragraph --><\/p>\n<p>Unbeschadet eines anderweitigen verwaltungsrechtlichen oder gerichtlichen Rechtsbehelfs steht Ihnen au\u00dferdem das Recht auf Beschwerde bei der zust\u00e4ndigen Aufsichtsbeh\u00f6rde zu, wenn Sie der Ansicht sind, dass die Verarbeitung der Sie betreffenden personenbezogenen Daten gegen die DSGVO verst\u00f6\u00dft.<\/p>\n<p><!-- \/wp:paragraph --><\/p>\n<\/div>\n<\/div><\/div><\/div><\/div><\/div>","protected":false},"excerpt":{"rendered":"<p>Die Angaben in dieser Erkl\u00e4rung gelten f\u00fcr die Verarbeitung von personenbezogenen Daten auf unserer bzw. \u00fcber unsere Internetpr\u00e4senz und sollen Sie insbesondere \u00fcber den Umfang der Verarbeitung, die Verarbeitungszwecke, Empf\u00e4nger, Rechtsgrundlagen, Speicherfristen sowie Ihre Rechte informieren. Personenbezogene Daten sind alle &hellip; <a class=\"kt-excerpt-readmore more-link\" href=\"https:\/\/croows.com\/web\/datenschutz\/\" aria-label=\"Datenschutz\">Read More<\/a><\/p>\n","protected":false},"author":1,"featured_media":0,"parent":0,"menu_order":0,"comment_status":"closed","ping_status":"closed","template":"","meta":{"footnotes":""},"_links":{"self":[{"href":"https:\/\/croows.com\/web\/wp-json\/wp\/v2\/pages\/14"}],"collection":[{"href":"https:\/\/croows.com\/web\/wp-json\/wp\/v2\/pages"}],"about":[{"href":"https:\/\/croows.com\/web\/wp-json\/wp\/v2\/types\/page"}],"author":[{"embeddable":true,"href":"https:\/\/croows.com\/web\/wp-json\/wp\/v2\/users\/1"}],"replies":[{"embeddable":true,"href":"https:\/\/croows.com\/web\/wp-json\/wp\/v2\/comments?post=14"}],"version-history":[{"count":9,"href":"https:\/\/croows.com\/web\/wp-json\/wp\/v2\/pages\/14\/revisions"}],"predecessor-version":[{"id":132,"href":"https:\/\/croows.com\/web\/wp-json\/wp\/v2\/pages\/14\/revisions\/132"}],"wp:attachment":[{"href":"https:\/\/croows.com\/web\/wp-json\/wp\/v2\/media?parent=14"}],"curies":[{"name":"wp","href":"https:\/\/api.w.org\/{rel}","templated":true}]}}